{"id":22,"date":"2024-03-21T08:55:13","date_gmt":"2024-03-21T08:55:13","guid":{"rendered":"https:\/\/eduregion.com\/?page_id=22"},"modified":"2024-04-15T14:35:21","modified_gmt":"2024-04-15T14:35:21","slug":"contact-us","status":"publish","type":"page","link":"https:\/\/eduregion.com\/uk\/contact-us\/","title":{"rendered":"\u0417\u0432'\u044f\u0436\u0456\u0442\u044c\u0441\u044f \u0437 \u043d\u0430\u043c\u0438"},"content":{"rendered":"\t\t<div data-elementor-type=\"wp-page\" data-elementor-id=\"22\" class=\"elementor elementor-22\" data-elementor-post-type=\"page\">\n\t\t\t\t<div class=\"elementor-element elementor-element-ed2e590 e-flex e-con-boxed e-con e-parent\" data-id=\"ed2e590\" data-element_type=\"container\" data-e-type=\"container\" data-settings=\"{&quot;background_background&quot;:&quot;classic&quot;}\">\n\t\t\t\t\t<div class=\"e-con-inner\">\n\t\t<div class=\"elementor-element elementor-element-391cfe7 e-flex e-con-boxed e-con e-child\" data-id=\"391cfe7\" data-element_type=\"container\" data-e-type=\"container\" data-settings=\"{&quot;background_background&quot;:&quot;classic&quot;}\">\n\t\t\t\t\t<div class=\"e-con-inner\">\n\t\t<div class=\"elementor-element elementor-element-a28750d e-flex e-con-boxed e-con e-child\" data-id=\"a28750d\" data-element_type=\"container\" data-e-type=\"container\">\n\t\t\t\t\t<div class=\"e-con-inner\">\n\t\t\t\t<div class=\"elementor-element elementor-element-88b4942 elementor-widget__width-initial elementor-widget elementor-widget-progress\" data-id=\"88b4942\" data-element_type=\"widget\" data-e-type=\"widget\" data-widget_type=\"progress.default\">\n\t\t\t\t<div class=\"elementor-widget-container\">\n\t\t\t\t\t\n\t\t<div class=\"elementor-progress-wrapper\" role=\"progressbar\" aria-valuemin=\"0\" aria-valuemax=\"100\" aria-valuenow=\"100\">\n\t\t\t<div class=\"elementor-progress-bar\" data-max=\"100\">\n\t\t\t\t<span class=\"elementor-progress-text\"><\/span>\n\t\t\t\t\t\t\t<\/div>\n\t\t<\/div>\n\t\t\t\t\t\t<\/div>\n\t\t\t\t<\/div>\n\t\t\t\t<div class=\"elementor-element elementor-element-86cb191 elementor-widget__width-initial elementor-widget elementor-widget-progress\" data-id=\"86cb191\" data-element_type=\"widget\" data-e-type=\"widget\" data-widget_type=\"progress.default\">\n\t\t\t\t<div class=\"elementor-widget-container\">\n\t\t\t\t\t\n\t\t<div class=\"elementor-progress-wrapper\" role=\"progressbar\" aria-valuemin=\"0\" aria-valuemax=\"100\" aria-valuenow=\"100\">\n\t\t\t<div class=\"elementor-progress-bar\" data-max=\"100\">\n\t\t\t\t<span class=\"elementor-progress-text\"><\/span>\n\t\t\t\t\t\t\t<\/div>\n\t\t<\/div>\n\t\t\t\t\t\t<\/div>\n\t\t\t\t<\/div>\n\t\t\t\t\t<\/div>\n\t\t\t\t<\/div>\n\t\t\t\t<div class=\"elementor-element elementor-element-cbb1699 elementor-align-center elementor-widget elementor-widget-breadcrumbs\" data-id=\"cbb1699\" data-element_type=\"widget\" data-e-type=\"widget\" data-widget_type=\"breadcrumbs.default\">\n\t\t\t\t<div class=\"elementor-widget-container\">\n\t\t\t\t\t<p id=\"breadcrumbs\"><span><span><a href=\"https:\/\/eduregion.com\/\">Home<\/a><\/span><\/span><\/p>\t\t\t\t<\/div>\n\t\t\t\t<\/div>\n\t\t\t\t\t<\/div>\n\t\t\t\t<\/div>\n\t\t\t\t\t<\/div>\n\t\t\t\t<\/div>\n\t\t<div class=\"elementor-element elementor-element-88b8600 e-flex e-con-boxed e-con e-parent\" data-id=\"88b8600\" data-element_type=\"container\" data-e-type=\"container\">\n\t\t\t\t\t<div class=\"e-con-inner\">\n\t\t<div class=\"elementor-element elementor-element-2951854 e-flex e-con-boxed e-con e-child\" data-id=\"2951854\" data-element_type=\"container\" data-e-type=\"container\">\n\t\t\t\t\t<div class=\"e-con-inner\">\n\t\t\t\t<div class=\"elementor-element elementor-element-062fa14 elementor-widget elementor-widget-heading\" data-id=\"062fa14\" data-element_type=\"widget\" data-e-type=\"widget\" data-widget_type=\"heading.default\">\n\t\t\t\t<div class=\"elementor-widget-container\">\n\t\t\t\t\t<span class=\"elementor-heading-title elementor-size-default\">Contact Us<\/span>\t\t\t\t<\/div>\n\t\t\t\t<\/div>\n\t\t\t\t<div class=\"elementor-element elementor-element-26e9721 elementor-widget__width-initial elementor-widget elementor-widget-progress\" data-id=\"26e9721\" data-element_type=\"widget\" data-e-type=\"widget\" data-widget_type=\"progress.default\">\n\t\t\t\t<div class=\"elementor-widget-container\">\n\t\t\t\t\t\n\t\t<div class=\"elementor-progress-wrapper\" role=\"progressbar\" aria-valuemin=\"0\" aria-valuemax=\"100\" aria-valuenow=\"100\">\n\t\t\t<div class=\"elementor-progress-bar\" data-max=\"100\">\n\t\t\t\t<span class=\"elementor-progress-text\"><\/span>\n\t\t\t\t\t\t\t<\/div>\n\t\t<\/div>\n\t\t\t\t\t\t<\/div>\n\t\t\t\t<\/div>\n\t\t\t\t\t<\/div>\n\t\t\t\t<\/div>\n\t\t\t\t<div class=\"elementor-element elementor-element-fa0bb5b elementor-invisible elementor-widget elementor-widget-heading\" data-id=\"fa0bb5b\" data-element_type=\"widget\" data-e-type=\"widget\" data-settings=\"{&quot;_animation&quot;:&quot;fadeInDown&quot;}\" data-widget_type=\"heading.default\">\n\t\t\t\t<div class=\"elementor-widget-container\">\n\t\t\t\t\t<h2 class=\"elementor-heading-title elementor-size-default\">Feel free to contact us\n<\/h2>\t\t\t\t<\/div>\n\t\t\t\t<\/div>\n\t\t\t\t<div class=\"elementor-element elementor-element-e4f1770 elementor-invisible elementor-widget elementor-widget-text-editor\" data-id=\"e4f1770\" data-element_type=\"widget\" data-e-type=\"widget\" data-settings=\"{&quot;_animation&quot;:&quot;fadeIn&quot;,&quot;_animation_delay&quot;:200}\" data-widget_type=\"text-editor.default\">\n\t\t\t\t<div class=\"elementor-widget-container\">\n\t\t\t\t\t\t\t\t\t<p>For information or application, simply leave your contact information.\u00a0We will get back to you as soon as possible<\/p>\t\t\t\t\t\t\t\t<\/div>\n\t\t\t\t<\/div>\n\t\t<div class=\"elementor-element elementor-element-cd31d22 e-flex e-con-boxed e-con e-child\" data-id=\"cd31d22\" data-element_type=\"container\" data-e-type=\"container\">\n\t\t\t\t\t<div class=\"e-con-inner\">\n\t\t<div class=\"elementor-element elementor-element-a47ac52 e-flex e-con-boxed e-con e-child\" data-id=\"a47ac52\" data-element_type=\"container\" data-e-type=\"container\" data-settings=\"{&quot;background_background&quot;:&quot;classic&quot;}\">\n\t\t\t\t\t<div class=\"e-con-inner\">\n\t\t\t\t<div class=\"elementor-element elementor-element-566d54c elementor-tablet-align-start elementor-icon-list--layout-traditional elementor-list-item-link-full_width elementor-widget elementor-widget-icon-list\" data-id=\"566d54c\" data-element_type=\"widget\" data-e-type=\"widget\" data-widget_type=\"icon-list.default\">\n\t\t\t\t<div class=\"elementor-widget-container\">\n\t\t\t\t\t\t\t<ul class=\"elementor-icon-list-items\">\n\t\t\t\t\t\t\t<li class=\"elementor-icon-list-item\">\n\t\t\t\t\t\t\t\t\t\t\t<a href=\"#\">\n\n\t\t\t\t\t\t\t\t\t\t\t\t<span class=\"elementor-icon-list-icon\">\n\t\t\t\t\t\t\t<i aria-hidden=\"true\" class=\"bestfreebie  mdi mdi-office-building\"><\/i>\t\t\t\t\t\t<\/span>\n\t\t\t\t\t\t\t\t\t\t<span class=\"elementor-icon-list-text\">EDUREGION Education Consulting Ltd<\/span>\n\t\t\t\t\t\t\t\t\t\t\t<\/a>\n\t\t\t\t\t\t\t\t\t<\/li>\n\t\t\t\t\t\t\t\t<li class=\"elementor-icon-list-item\">\n\t\t\t\t\t\t\t\t\t\t\t<a href=\"tel:+905459180863\">\n\n\t\t\t\t\t\t\t\t\t\t\t\t<span class=\"elementor-icon-list-icon\">\n\t\t\t\t\t\t\t<i aria-hidden=\"true\" class=\"bestfreebie  mdi mdi-phone-outgoing\"><\/i>\t\t\t\t\t\t<\/span>\n\t\t\t\t\t\t\t\t\t\t<span class=\"elementor-icon-list-text\">+905459180863<\/span>\n\t\t\t\t\t\t\t\t\t\t\t<\/a>\n\t\t\t\t\t\t\t\t\t<\/li>\n\t\t\t\t\t\t\t\t<li class=\"elementor-icon-list-item\">\n\t\t\t\t\t\t\t\t\t\t\t<a href=\"mailto:info@eduregion.com\">\n\n\t\t\t\t\t\t\t\t\t\t\t\t<span class=\"elementor-icon-list-icon\">\n\t\t\t\t\t\t\t<i aria-hidden=\"true\" class=\"bestfreebie  mdi mdi-email-open-outline\"><\/i>\t\t\t\t\t\t<\/span>\n\t\t\t\t\t\t\t\t\t\t<span class=\"elementor-icon-list-text\">info@eduregion.com<\/span>\n\t\t\t\t\t\t\t\t\t\t\t<\/a>\n\t\t\t\t\t\t\t\t\t<\/li>\n\t\t\t\t\t\t\t\t<li class=\"elementor-icon-list-item\">\n\t\t\t\t\t\t\t\t\t\t\t<a href=\"https:\/\/www.google.com\/maps\/place\/B&#039;Cebu+Academy\/@10.304935,124.0128541,15z\/data=!4m6!3m5!1s0x33a9993880990ca5:0x54ac29b3e39831ca!8m2!3d10.304935!4d124.0128541!16s%2Fg%2F11sw0kxtky?entry=ttu\">\n\n\t\t\t\t\t\t\t\t\t\t\t\t<span class=\"elementor-icon-list-icon\">\n\t\t\t\t\t\t\t<i aria-hidden=\"true\" class=\"bestfreebie  mdi mdi-map-marker-radius\"><\/i>\t\t\t\t\t\t<\/span>\n\t\t\t\t\t\t\t\t\t\t<span class=\"elementor-icon-list-text\">Veliefendi Mah. \u015eehit Onba\u015f\u0131 Y\u00fcksel Kutlu Sk. Dindar \u0130\u015f Center No: 2 \u0130\u00e7 Kap\u0131 No: 19 , Zeytinburnu 034280, ISTANBUL\/TURKIYE<\/span>\n\t\t\t\t\t\t\t\t\t\t\t<\/a>\n\t\t\t\t\t\t\t\t\t<\/li>\n\t\t\t\t\t\t<\/ul>\n\t\t\t\t\t\t<\/div>\n\t\t\t\t<\/div>\n\t\t\t\t<div class=\"elementor-element elementor-element-79d5210 elementor-button-align-stretch elementor-widget elementor-widget-form\" data-id=\"79d5210\" data-element_type=\"widget\" data-e-type=\"widget\" data-settings=\"{&quot;button_width&quot;:&quot;50&quot;,&quot;step_next_label&quot;:&quot;Next&quot;,&quot;step_previous_label&quot;:&quot;Previous&quot;,&quot;step_type&quot;:&quot;number_text&quot;,&quot;step_icon_shape&quot;:&quot;circle&quot;}\" data-widget_type=\"form.default\">\n\t\t\t\t<div class=\"elementor-widget-container\">\n\t\t\t\t\t\t\t<form class=\"elementor-form\" method=\"post\" name=\"Contact Form\">\n\t\t\t<input type=\"hidden\" name=\"post_id\" value=\"22\"\/>\n\t\t\t<input type=\"hidden\" name=\"form_id\" value=\"79d5210\"\/>\n\t\t\t<input type=\"hidden\" name=\"referer_title\" value=\"EDU Region\" \/>\n\n\t\t\t\n\t\t\t<div class=\"elementor-form-fields-wrapper elementor-labels-\">\n\t\t\t\t\t\t\t\t<div class=\"elementor-field-type-text elementor-field-group elementor-column elementor-field-group-name elementor-col-100 elementor-field-required\">\n\t\t\t\t\t\t\t\t\t\t\t\t<label for=\"form-field-name\" class=\"elementor-field-label elementor-screen-only\">\n\t\t\t\t\t\t\t\tFull Name\t\t\t\t\t\t\t<\/label>\n\t\t\t\t\t\t\t\t\t\t\t\t\t\t<input size=\"1\" type=\"text\" name=\"form_fields[name]\" id=\"form-field-name\" class=\"elementor-field elementor-size-sm  elementor-field-textual\" placeholder=\"Full Name*\" required=\"required\" aria-required=\"true\">\n\t\t\t\t\t\t\t\t\t\t\t<\/div>\n\t\t\t\t\t\t\t\t<div class=\"elementor-field-type-text elementor-field-group elementor-column elementor-field-group-field_ad8219a elementor-col-100\">\n\t\t\t\t\t\t\t\t\t\t\t\t<label for=\"form-field-field_ad8219a\" class=\"elementor-field-label elementor-screen-only\">\n\t\t\t\t\t\t\t\tPhone Number\t\t\t\t\t\t\t<\/label>\n\t\t\t\t\t\t\t\t\t\t\t\t\t\t<input size=\"1\" type=\"text\" name=\"form_fields[field_ad8219a]\" id=\"form-field-field_ad8219a\" class=\"elementor-field elementor-size-sm  elementor-field-textual\" placeholder=\"Phone Number*\">\n\t\t\t\t\t\t\t\t\t\t\t<\/div>\n\t\t\t\t\t\t\t\t<div class=\"elementor-field-type-email elementor-field-group elementor-column elementor-field-group-email elementor-col-100 elementor-field-required\">\n\t\t\t\t\t\t\t\t\t\t\t\t<label for=\"form-field-email\" class=\"elementor-field-label elementor-screen-only\">\n\t\t\t\t\t\t\t\tEmail\t\t\t\t\t\t\t<\/label>\n\t\t\t\t\t\t\t\t\t\t\t\t\t\t<input size=\"1\" type=\"email\" name=\"form_fields[email]\" id=\"form-field-email\" class=\"elementor-field elementor-size-sm  elementor-field-textual\" placeholder=\"Your Email*\" required=\"required\" aria-required=\"true\">\n\t\t\t\t\t\t\t\t\t\t\t<\/div>\n\t\t\t\t\t\t\t\t<div class=\"elementor-field-type-textarea elementor-field-group elementor-column elementor-field-group-field_7b96c91 elementor-col-100\">\n\t\t\t\t\t\t\t\t\t\t\t\t<label for=\"form-field-field_7b96c91\" class=\"elementor-field-label elementor-screen-only\">\n\t\t\t\t\t\t\t\tMessage\t\t\t\t\t\t\t<\/label>\n\t\t\t\t\t\t<textarea class=\"elementor-field-textual elementor-field  elementor-size-sm\" name=\"form_fields[field_7b96c91]\" id=\"form-field-field_7b96c91\" rows=\"4\" placeholder=\"Message\"><\/textarea>\t\t\t\t<\/div>\n\t\t\t\t\t\t\t\t<div class=\"elementor-field-group elementor-column elementor-field-type-submit elementor-col-50 e-form__buttons\">\n\t\t\t\t\t<button type=\"submit\" class=\"elementor-button elementor-size-sm\">\n\t\t\t\t\t\t<span >\n\t\t\t\t\t\t\t\t\t\t\t\t\t\t\t<span class=\" elementor-button-icon\">\n\t\t\t\t\t\t\t\t\t\t\t\t\t\t\t\t\t\t\t\t\t\t\t\t\t\t<\/span>\n\t\t\t\t\t\t\t\t\t\t\t\t\t\t\t\t\t\t\t\t\t\t<span class=\"elementor-button-text\">Send Application<\/span>\n\t\t\t\t\t\t\t\t\t\t\t\t\t<\/span>\n\t\t\t\t\t<\/button>\n\t\t\t\t<\/div>\n\t\t\t<\/div>\n\t\t<\/form>\n\t\t\t\t\t\t<\/div>\n\t\t\t\t<\/div>\n\t\t\t\t\t<\/div>\n\t\t\t\t<\/div>\n\t\t<div class=\"elementor-element elementor-element-7440bea e-flex e-con-boxed e-con e-child\" data-id=\"7440bea\" data-element_type=\"container\" data-e-type=\"container\">\n\t\t\t\t\t<div class=\"e-con-inner\">\n\t\t\t\t<div class=\"elementor-element elementor-element-033ad7c elementor-widget elementor-widget-image\" data-id=\"033ad7c\" data-element_type=\"widget\" data-e-type=\"widget\" data-widget_type=\"image.default\">\n\t\t\t\t<div class=\"elementor-widget-container\">\n\t\t\t\t\t\t\t\t\t\t\t\t\t\t\t<img fetchpriority=\"high\" decoding=\"async\" width=\"724\" height=\"1024\" src=\"https:\/\/eduregion.com\/wp-content\/uploads\/2024\/03\/eduregion_info_compressed__1_-03-ai-brush-removebg-x3fbbyu-min-724x1024.webp\" class=\"attachment-large size-large wp-image-1355\" alt=\"\" srcset=\"https:\/\/eduregion.com\/wp-content\/uploads\/2024\/03\/eduregion_info_compressed__1_-03-ai-brush-removebg-x3fbbyu-min-724x1024.webp 724w, https:\/\/eduregion.com\/wp-content\/uploads\/2024\/03\/eduregion_info_compressed__1_-03-ai-brush-removebg-x3fbbyu-min-212x300.webp 212w, https:\/\/eduregion.com\/wp-content\/uploads\/2024\/03\/eduregion_info_compressed__1_-03-ai-brush-removebg-x3fbbyu-min-768x1087.webp 768w, https:\/\/eduregion.com\/wp-content\/uploads\/2024\/03\/eduregion_info_compressed__1_-03-ai-brush-removebg-x3fbbyu-min-1086x1536.webp 1086w, https:\/\/eduregion.com\/wp-content\/uploads\/2024\/03\/eduregion_info_compressed__1_-03-ai-brush-removebg-x3fbbyu-min-1447x2048.webp 1447w, https:\/\/eduregion.com\/wp-content\/uploads\/2024\/03\/eduregion_info_compressed__1_-03-ai-brush-removebg-x3fbbyu-min-8x12.webp 8w, https:\/\/eduregion.com\/wp-content\/uploads\/2024\/03\/eduregion_info_compressed__1_-03-ai-brush-removebg-x3fbbyu-min.webp 1600w\" sizes=\"(max-width: 724px) 100vw, 724px\" \/>\t\t\t\t\t\t\t\t\t\t\t\t\t\t\t<\/div>\n\t\t\t\t<\/div>\n\t\t\t\t\t<\/div>\n\t\t\t\t<\/div>\n\t\t\t\t\t<\/div>\n\t\t\t\t<\/div>\n\t\t\t\t\t<\/div>\n\t\t\t\t<\/div>\n\t\t\t\t<\/div>\n\t\t","protected":false},"excerpt":{"rendered":"<p>Contact Us Feel free to contact us For information or application, simply leave your contact information.\u00a0We will get back to you as soon as possible EDUREGION Education Consulting Ltd +905459180863 info@eduregion.com Veliefendi Mah. \u015eehit Onba\u015f\u0131 Y\u00fcksel Kutlu Sk. Dindar \u0130\u015f Center No: 2 \u0130\u00e7 Kap\u0131 No: 19 , Zeytinburnu 034280, ISTANBUL\/TURKIYE<\/p>","protected":false},"author":1,"featured_media":0,"parent":0,"menu_order":0,"comment_status":"closed","ping_status":"closed","template":"elementor_header_footer","meta":{"inline_featured_image":false,"footnotes":""},"class_list":["post-22","page","type-page","status-publish","hentry"],"yoast_head":"<!-- This site is optimized with the Yoast SEO plugin v27.4 - https:\/\/yoast.com\/product\/yoast-seo-wordpress\/ -->\n<title>Contact Us - EDU Region<\/title>\n<meta name=\"description\" content=\"Reach out to Eduregion for educational guidance. Contact us today for assistance and connect with our knowledgeable team\" \/>\n<meta name=\"robots\" content=\"index, follow, max-snippet:-1, max-image-preview:large, max-video-preview:-1\" \/>\n<link rel=\"canonical\" href=\"https:\/\/eduregion.com\/uk\/contact-us\/\" \/>\n<meta property=\"og:locale\" content=\"uk_UA\" \/>\n<meta property=\"og:type\" content=\"article\" \/>\n<meta property=\"og:title\" content=\"Contact Us - EDU Region\" \/>\n<meta property=\"og:description\" content=\"Reach out to Eduregion for educational guidance. Contact us today for assistance and connect with our knowledgeable team\" \/>\n<meta property=\"og:url\" content=\"https:\/\/eduregion.com\/uk\/contact-us\/\" \/>\n<meta property=\"og:site_name\" content=\"EDU Region\" \/>\n<meta property=\"article:modified_time\" content=\"2024-04-15T14:35:21+00:00\" \/>\n<meta property=\"og:image\" content=\"https:\/\/eduregion.com\/wp-content\/uploads\/2024\/03\/eduregion_info_compressed__1_-03-ai-brush-removebg-x3fbbyu-min-724x1024.webp\" \/>\n<meta name=\"twitter:card\" content=\"summary_large_image\" \/>\n<meta name=\"twitter:label1\" content=\"\u041f\u0440\u0438\u0431\u043b. \u0447\u0430\u0441 \u0447\u0438\u0442\u0430\u043d\u043d\u044f\" \/>\n\t<meta name=\"twitter:data1\" content=\"1 \u0445\u0432\u0438\u043b\u0438\u043d\u0430\" \/>\n<script type=\"application\/ld+json\" class=\"yoast-schema-graph\">{\"@context\":\"https:\\\/\\\/schema.org\",\"@graph\":[{\"@type\":\"WebPage\",\"@id\":\"https:\\\/\\\/eduregion.com\\\/contact-us\\\/\",\"url\":\"https:\\\/\\\/eduregion.com\\\/contact-us\\\/\",\"name\":\"Contact Us - EDU Region\",\"isPartOf\":{\"@id\":\"https:\\\/\\\/eduregion.com\\\/#website\"},\"primaryImageOfPage\":{\"@id\":\"https:\\\/\\\/eduregion.com\\\/contact-us\\\/#primaryimage\"},\"image\":{\"@id\":\"https:\\\/\\\/eduregion.com\\\/contact-us\\\/#primaryimage\"},\"thumbnailUrl\":\"https:\\\/\\\/eduregion.com\\\/wp-content\\\/uploads\\\/2024\\\/03\\\/eduregion_info_compressed__1_-03-ai-brush-removebg-x3fbbyu-min-724x1024.webp\",\"datePublished\":\"2024-03-21T08:55:13+00:00\",\"dateModified\":\"2024-04-15T14:35:21+00:00\",\"description\":\"Reach out to Eduregion for educational guidance. Contact us today for assistance and connect with our knowledgeable team\",\"breadcrumb\":{\"@id\":\"https:\\\/\\\/eduregion.com\\\/contact-us\\\/#breadcrumb\"},\"inLanguage\":\"uk\",\"potentialAction\":[{\"@type\":\"ReadAction\",\"target\":[\"https:\\\/\\\/eduregion.com\\\/contact-us\\\/\"]}]},{\"@type\":\"ImageObject\",\"inLanguage\":\"uk\",\"@id\":\"https:\\\/\\\/eduregion.com\\\/contact-us\\\/#primaryimage\",\"url\":\"https:\\\/\\\/eduregion.com\\\/wp-content\\\/uploads\\\/2024\\\/03\\\/eduregion_info_compressed__1_-03-ai-brush-removebg-x3fbbyu-min-724x1024.webp\",\"contentUrl\":\"https:\\\/\\\/eduregion.com\\\/wp-content\\\/uploads\\\/2024\\\/03\\\/eduregion_info_compressed__1_-03-ai-brush-removebg-x3fbbyu-min-724x1024.webp\"},{\"@type\":\"BreadcrumbList\",\"@id\":\"https:\\\/\\\/eduregion.com\\\/contact-us\\\/#breadcrumb\",\"itemListElement\":[{\"@type\":\"ListItem\",\"position\":1,\"name\":\"Home\",\"item\":\"https:\\\/\\\/eduregion.com\\\/\"},{\"@type\":\"ListItem\",\"position\":2,\"name\":\"Contact Us\"}]},{\"@type\":\"WebSite\",\"@id\":\"https:\\\/\\\/eduregion.com\\\/#website\",\"url\":\"https:\\\/\\\/eduregion.com\\\/\",\"name\":\"EDU Region\",\"description\":\"\",\"publisher\":{\"@id\":\"https:\\\/\\\/eduregion.com\\\/#organization\"},\"potentialAction\":[{\"@type\":\"SearchAction\",\"target\":{\"@type\":\"EntryPoint\",\"urlTemplate\":\"https:\\\/\\\/eduregion.com\\\/?s={search_term_string}\"},\"query-input\":{\"@type\":\"PropertyValueSpecification\",\"valueRequired\":true,\"valueName\":\"search_term_string\"}}],\"inLanguage\":\"uk\"},{\"@type\":\"Organization\",\"@id\":\"https:\\\/\\\/eduregion.com\\\/#organization\",\"name\":\"EDU Region\",\"url\":\"https:\\\/\\\/eduregion.com\\\/\",\"logo\":{\"@type\":\"ImageObject\",\"inLanguage\":\"uk\",\"@id\":\"https:\\\/\\\/eduregion.com\\\/#\\\/schema\\\/logo\\\/image\\\/\",\"url\":\"https:\\\/\\\/eduregion.com\\\/wp-content\\\/uploads\\\/2024\\\/03\\\/logo.webp\",\"contentUrl\":\"https:\\\/\\\/eduregion.com\\\/wp-content\\\/uploads\\\/2024\\\/03\\\/logo.webp\",\"width\":1000,\"height\":130,\"caption\":\"EDU Region\"},\"image\":{\"@id\":\"https:\\\/\\\/eduregion.com\\\/#\\\/schema\\\/logo\\\/image\\\/\"}}]}<\/script>\n<!-- \/ Yoast SEO plugin. -->","yoast_head_json":{"title":"Contact Us - EDU Region","description":"Reach out to Eduregion for educational guidance. Contact us today for assistance and connect with our knowledgeable team","robots":{"index":"index","follow":"follow","max-snippet":"max-snippet:-1","max-image-preview":"max-image-preview:large","max-video-preview":"max-video-preview:-1"},"canonical":"https:\/\/eduregion.com\/uk\/contact-us\/","og_locale":"uk_UA","og_type":"article","og_title":"Contact Us - EDU Region","og_description":"Reach out to Eduregion for educational guidance. Contact us today for assistance and connect with our knowledgeable team","og_url":"https:\/\/eduregion.com\/uk\/contact-us\/","og_site_name":"EDU Region","article_modified_time":"2024-04-15T14:35:21+00:00","og_image":[{"url":"https:\/\/eduregion.com\/wp-content\/uploads\/2024\/03\/eduregion_info_compressed__1_-03-ai-brush-removebg-x3fbbyu-min-724x1024.webp","type":"","width":"","height":""}],"twitter_card":"summary_large_image","twitter_misc":{"\u041f\u0440\u0438\u0431\u043b. \u0447\u0430\u0441 \u0447\u0438\u0442\u0430\u043d\u043d\u044f":"1 \u0445\u0432\u0438\u043b\u0438\u043d\u0430"},"schema":{"@context":"https:\/\/schema.org","@graph":[{"@type":"WebPage","@id":"https:\/\/eduregion.com\/contact-us\/","url":"https:\/\/eduregion.com\/contact-us\/","name":"Contact Us - EDU Region","isPartOf":{"@id":"https:\/\/eduregion.com\/#website"},"primaryImageOfPage":{"@id":"https:\/\/eduregion.com\/contact-us\/#primaryimage"},"image":{"@id":"https:\/\/eduregion.com\/contact-us\/#primaryimage"},"thumbnailUrl":"https:\/\/eduregion.com\/wp-content\/uploads\/2024\/03\/eduregion_info_compressed__1_-03-ai-brush-removebg-x3fbbyu-min-724x1024.webp","datePublished":"2024-03-21T08:55:13+00:00","dateModified":"2024-04-15T14:35:21+00:00","description":"Reach out to Eduregion for educational guidance. Contact us today for assistance and connect with our knowledgeable team","breadcrumb":{"@id":"https:\/\/eduregion.com\/contact-us\/#breadcrumb"},"inLanguage":"uk","potentialAction":[{"@type":"ReadAction","target":["https:\/\/eduregion.com\/contact-us\/"]}]},{"@type":"ImageObject","inLanguage":"uk","@id":"https:\/\/eduregion.com\/contact-us\/#primaryimage","url":"https:\/\/eduregion.com\/wp-content\/uploads\/2024\/03\/eduregion_info_compressed__1_-03-ai-brush-removebg-x3fbbyu-min-724x1024.webp","contentUrl":"https:\/\/eduregion.com\/wp-content\/uploads\/2024\/03\/eduregion_info_compressed__1_-03-ai-brush-removebg-x3fbbyu-min-724x1024.webp"},{"@type":"BreadcrumbList","@id":"https:\/\/eduregion.com\/contact-us\/#breadcrumb","itemListElement":[{"@type":"ListItem","position":1,"name":"Home","item":"https:\/\/eduregion.com\/"},{"@type":"ListItem","position":2,"name":"Contact Us"}]},{"@type":"WebSite","@id":"https:\/\/eduregion.com\/#website","url":"https:\/\/eduregion.com\/","name":"EDU Region","description":"","publisher":{"@id":"https:\/\/eduregion.com\/#organization"},"potentialAction":[{"@type":"SearchAction","target":{"@type":"EntryPoint","urlTemplate":"https:\/\/eduregion.com\/?s={search_term_string}"},"query-input":{"@type":"PropertyValueSpecification","valueRequired":true,"valueName":"search_term_string"}}],"inLanguage":"uk"},{"@type":"Organization","@id":"https:\/\/eduregion.com\/#organization","name":"EDU Region","url":"https:\/\/eduregion.com\/","logo":{"@type":"ImageObject","inLanguage":"uk","@id":"https:\/\/eduregion.com\/#\/schema\/logo\/image\/","url":"https:\/\/eduregion.com\/wp-content\/uploads\/2024\/03\/logo.webp","contentUrl":"https:\/\/eduregion.com\/wp-content\/uploads\/2024\/03\/logo.webp","width":1000,"height":130,"caption":"EDU Region"},"image":{"@id":"https:\/\/eduregion.com\/#\/schema\/logo\/image\/"}}]}},"_links":{"self":[{"href":"https:\/\/eduregion.com\/uk\/wp-json\/wp\/v2\/pages\/22","targetHints":{"allow":["GET"]}}],"collection":[{"href":"https:\/\/eduregion.com\/uk\/wp-json\/wp\/v2\/pages"}],"about":[{"href":"https:\/\/eduregion.com\/uk\/wp-json\/wp\/v2\/types\/page"}],"author":[{"embeddable":true,"href":"https:\/\/eduregion.com\/uk\/wp-json\/wp\/v2\/users\/1"}],"replies":[{"embeddable":true,"href":"https:\/\/eduregion.com\/uk\/wp-json\/wp\/v2\/comments?post=22"}],"version-history":[{"count":10,"href":"https:\/\/eduregion.com\/uk\/wp-json\/wp\/v2\/pages\/22\/revisions"}],"predecessor-version":[{"id":4432,"href":"https:\/\/eduregion.com\/uk\/wp-json\/wp\/v2\/pages\/22\/revisions\/4432"}],"wp:attachment":[{"href":"https:\/\/eduregion.com\/uk\/wp-json\/wp\/v2\/media?parent=22"}],"curies":[{"name":"wp","href":"https:\/\/api.w.org\/{rel}","templated":true}]}}